{"id":2406,"date":"2024-04-16T14:31:14","date_gmt":"2024-04-16T14:31:14","guid":{"rendered":"https:\/\/gitelebisson.fr\/?page_id=2406"},"modified":"2024-04-19T09:25:21","modified_gmt":"2024-04-19T09:25:21","slug":"activites","status":"publish","type":"page","link":"https:\/\/gitelebisson.fr\/index.php\/activites\/","title":{"rendered":"Activit\u00e9s"},"content":{"rendered":"\t\t<div data-elementor-type=\"wp-page\" data-elementor-id=\"2406\" class=\"elementor elementor-2406\" data-elementor-post-type=\"page\">\n\t\t\t\t\t\t\t\t\t<section class=\"elementor-section elementor-top-section elementor-element elementor-element-560b4c5 elementor-section-boxed elementor-section-height-default elementor-section-height-default\" data-id=\"560b4c5\" data-element_type=\"section\">\n\t\t\t\t\t\t<div class=\"elementor-container elementor-column-gap-default\">\n\t\t\t\t\t<div class=\"elementor-column elementor-col-100 elementor-top-column elementor-element elementor-element-616a58a\" data-id=\"616a58a\" data-element_type=\"column\">\n\t\t\t<div class=\"elementor-widget-wrap elementor-element-populated\">\n\t\t\t\t\t\t\t\t<div class=\"elementor-element elementor-element-78dee22 elementor-widget elementor-widget-heading\" data-id=\"78dee22\" data-element_type=\"widget\" data-widget_type=\"heading.default\">\n\t\t\t\t<div class=\"elementor-widget-container\">\n\t\t\t<style>\/*! elementor - v3.17.0 - 01-11-2023 *\/\n.elementor-heading-title{padding:0;margin:0;line-height:1}.elementor-widget-heading .elementor-heading-title[class*=elementor-size-]>a{color:inherit;font-size:inherit;line-height:inherit}.elementor-widget-heading .elementor-heading-title.elementor-size-small{font-size:15px}.elementor-widget-heading .elementor-heading-title.elementor-size-medium{font-size:19px}.elementor-widget-heading .elementor-heading-title.elementor-size-large{font-size:29px}.elementor-widget-heading .elementor-heading-title.elementor-size-xl{font-size:39px}.elementor-widget-heading .elementor-heading-title.elementor-size-xxl{font-size:59px}<\/style><h2 class=\"elementor-heading-title elementor-size-default\">D\u00e9couvrez Le Teilleul et ses Environs<\/h2>\t\t<\/div>\n\t\t\t\t<\/div>\n\t\t\t\t<div class=\"elementor-element elementor-element-514b0ca elementor-widget elementor-widget-spacer\" data-id=\"514b0ca\" data-element_type=\"widget\" data-widget_type=\"spacer.default\">\n\t\t\t\t<div class=\"elementor-widget-container\">\n\t\t\t<style>\/*! elementor - v3.17.0 - 01-11-2023 *\/\n.elementor-column .elementor-spacer-inner{height:var(--spacer-size)}.e-con{--container-widget-width:100%}.e-con-inner>.elementor-widget-spacer,.e-con>.elementor-widget-spacer{width:var(--container-widget-width,var(--spacer-size));--align-self:var(--container-widget-align-self,initial);--flex-shrink:0}.e-con-inner>.elementor-widget-spacer>.elementor-widget-container,.e-con>.elementor-widget-spacer>.elementor-widget-container{height:100%;width:100%}.e-con-inner>.elementor-widget-spacer>.elementor-widget-container>.elementor-spacer,.e-con>.elementor-widget-spacer>.elementor-widget-container>.elementor-spacer{height:100%}.e-con-inner>.elementor-widget-spacer>.elementor-widget-container>.elementor-spacer>.elementor-spacer-inner,.e-con>.elementor-widget-spacer>.elementor-widget-container>.elementor-spacer>.elementor-spacer-inner{height:var(--container-widget-height,var(--spacer-size))}.e-con-inner>.elementor-widget-spacer.elementor-widget-empty,.e-con>.elementor-widget-spacer.elementor-widget-empty{position:relative;min-height:22px;min-width:22px}.e-con-inner>.elementor-widget-spacer.elementor-widget-empty .elementor-widget-empty-icon,.e-con>.elementor-widget-spacer.elementor-widget-empty .elementor-widget-empty-icon{position:absolute;top:0;bottom:0;left:0;right:0;margin:auto;padding:0;width:22px;height:22px}<\/style>\t\t<div class=\"elementor-spacer\">\n\t\t\t<div class=\"elementor-spacer-inner\"><\/div>\n\t\t<\/div>\n\t\t\t\t<\/div>\n\t\t\t\t<\/div>\n\t\t\t\t<div class=\"elementor-element elementor-element-99c3a94 elementor-widget elementor-widget-text-editor\" data-id=\"99c3a94\" data-element_type=\"widget\" data-widget_type=\"text-editor.default\">\n\t\t\t\t<div class=\"elementor-widget-container\">\n\t\t\t<style>\/*! elementor - v3.17.0 - 01-11-2023 *\/\n.elementor-widget-text-editor.elementor-drop-cap-view-stacked .elementor-drop-cap{background-color:#69727d;color:#fff}.elementor-widget-text-editor.elementor-drop-cap-view-framed .elementor-drop-cap{color:#69727d;border:3px solid;background-color:transparent}.elementor-widget-text-editor:not(.elementor-drop-cap-view-default) .elementor-drop-cap{margin-top:8px}.elementor-widget-text-editor:not(.elementor-drop-cap-view-default) .elementor-drop-cap-letter{width:1em;height:1em}.elementor-widget-text-editor .elementor-drop-cap{float:left;text-align:center;line-height:1;font-size:50px}.elementor-widget-text-editor .elementor-drop-cap-letter{display:inline-block}<\/style>\t\t\t\t<p>Bienvenue dans notre belle r\u00e9gion de la Manche ! Situ\u00e9 \u00e0 Le Teilleul, notre g\u00eete est le point de d\u00e9part id\u00e9al pour explorer une multitude d&rsquo;activit\u00e9s pour tous les go\u00fbts. Que vous soyez amateur de nature, de culture ou de sport, vous trouverez de quoi satisfaire votre curiosit\u00e9 et votre soif d&rsquo;aventure.<\/p>\t\t\t\t\t\t<\/div>\n\t\t\t\t<\/div>\n\t\t\t\t<div class=\"elementor-element elementor-element-fc66baa elementor-widget elementor-widget-spacer\" data-id=\"fc66baa\" data-element_type=\"widget\" data-widget_type=\"spacer.default\">\n\t\t\t\t<div class=\"elementor-widget-container\">\n\t\t\t\t\t<div class=\"elementor-spacer\">\n\t\t\t<div class=\"elementor-spacer-inner\"><\/div>\n\t\t<\/div>\n\t\t\t\t<\/div>\n\t\t\t\t<\/div>\n\t\t\t\t\t<\/div>\n\t\t<\/div>\n\t\t\t\t\t\t\t<\/div>\n\t\t<\/section>\n\t\t\t\t<section class=\"elementor-section elementor-top-section elementor-element elementor-element-612489f elementor-section-boxed elementor-section-height-default elementor-section-height-default\" data-id=\"612489f\" data-element_type=\"section\">\n\t\t\t\t\t\t<div class=\"elementor-container elementor-column-gap-default\">\n\t\t\t\t\t<div class=\"elementor-column elementor-col-33 elementor-top-column elementor-element elementor-element-00d403c\" data-id=\"00d403c\" data-element_type=\"column\" data-settings=\"{&quot;background_background&quot;:&quot;classic&quot;}\">\n\t\t\t<div class=\"elementor-widget-wrap elementor-element-populated\">\n\t\t\t\t\t\t\t\t<div class=\"elementor-element elementor-element-23d2950 elementor-widget elementor-widget-text-editor\" data-id=\"23d2950\" data-element_type=\"widget\" data-widget_type=\"text-editor.default\">\n\t\t\t\t<div class=\"elementor-widget-container\">\n\t\t\t\t\t\t\t<h2>Pour les Amoureux de la Nature<\/h2><p>&#8211; La For\u00eat de Mortain (Mortain) : \u00c0 quelques kilom\u00e8tres de Le Teilleul, cette for\u00eat offre de magnifiques sentiers de randonn\u00e9e o\u00f9 vous pourrez respirer l&rsquo;air frais et peut-\u00eatre observer la faune locale.<br \/>&#8211; Les Cascades de Mortain (Mortain) : Un lieu enchanteur, parfait pour une sortie en famille ou pour les photographes \u00e0 la recherche de paysages pittoresques.<\/p>\t\t\t\t\t\t<\/div>\n\t\t\t\t<\/div>\n\t\t\t\t\t<\/div>\n\t\t<\/div>\n\t\t\t\t<div class=\"elementor-column elementor-col-33 elementor-top-column elementor-element elementor-element-f34b4af\" data-id=\"f34b4af\" data-element_type=\"column\" data-settings=\"{&quot;background_background&quot;:&quot;classic&quot;}\">\n\t\t\t<div class=\"elementor-widget-wrap elementor-element-populated\">\n\t\t\t\t\t\t\t\t<div class=\"elementor-element elementor-element-3543bcf elementor-widget elementor-widget-text-editor\" data-id=\"3543bcf\" data-element_type=\"widget\" data-widget_type=\"text-editor.default\">\n\t\t\t\t<div class=\"elementor-widget-container\">\n\t\t\t\t\t\t\t<h2>Patrimoine Culturel<\/h2><p>&#8211; L&rsquo;Abbaye Blanche (Mortain): D\u00e9couvrez l&rsquo;histoire de cette abbaye historique datant du Moyen \u00c2ge.<br \/>&#8211; Le Mus\u00e9e du Poir\u00e9 (Barenton) : Visitez ce mus\u00e9e unique pour tout apprendre sur la fabrication du poir\u00e9, une boisson traditionnelle normande.<\/p><h2>\u00a0<\/h2>\t\t\t\t\t\t<\/div>\n\t\t\t\t<\/div>\n\t\t\t\t\t<\/div>\n\t\t<\/div>\n\t\t\t\t<div class=\"elementor-column elementor-col-33 elementor-top-column elementor-element elementor-element-8c87059\" data-id=\"8c87059\" data-element_type=\"column\" data-settings=\"{&quot;background_background&quot;:&quot;classic&quot;}\">\n\t\t\t<div class=\"elementor-widget-wrap elementor-element-populated\">\n\t\t\t\t\t\t\t\t<div class=\"elementor-element elementor-element-87f3ad9 elementor-widget elementor-widget-text-editor\" data-id=\"87f3ad9\" data-element_type=\"widget\" data-widget_type=\"text-editor.default\">\n\t\t\t\t<div class=\"elementor-widget-container\">\n\t\t\t\t\t\t\t<h2>Activit\u00e9s Sportives<\/h2><p>-Parcours d&rsquo;accrobranche (Bellefontaine): Testez votre agilit\u00e9 et vivez des sensations fortes en vous aventurant d&rsquo;arbre en arbre.<br \/>&#8211; \u00c9quitation (Saint-Hilaire-du-Harcou\u00ebt): Profitez de la campagne normande \u00e0 cheval. Des centres \u00e9questres proposent des randonn\u00e9es pour tous les niveaux.<\/p>\t\t\t\t\t\t<\/div>\n\t\t\t\t<\/div>\n\t\t\t\t\t<\/div>\n\t\t<\/div>\n\t\t\t\t\t\t\t<\/div>\n\t\t<\/section>\n\t\t\t\t<section class=\"elementor-section elementor-top-section elementor-element elementor-element-312956f elementor-section-boxed elementor-section-height-default elementor-section-height-default\" data-id=\"312956f\" data-element_type=\"section\">\n\t\t\t\t\t\t<div class=\"elementor-container elementor-column-gap-default\">\n\t\t\t\t\t<div class=\"elementor-column elementor-col-33 elementor-top-column elementor-element elementor-element-2807abb\" data-id=\"2807abb\" data-element_type=\"column\" data-settings=\"{&quot;background_background&quot;:&quot;classic&quot;}\">\n\t\t\t<div class=\"elementor-widget-wrap elementor-element-populated\">\n\t\t\t\t\t\t\t\t<div class=\"elementor-element elementor-element-fdea82f elementor-widget elementor-widget-text-editor\" data-id=\"fdea82f\" data-element_type=\"widget\" data-widget_type=\"text-editor.default\">\n\t\t\t\t<div class=\"elementor-widget-container\">\n\t\t\t\t\t\t\t<h2>Gastronomie:<\/h2><p>-March\u00e9s locaux (Le Teilleul): Explorez les march\u00e9s o\u00f9 les producteurs locaux vendent leurs produits frais.<br \/>&#8211; Restaurants et Cr\u00eaperies (Mortain et environs): D\u00e9couvrez la cuisine normande traditionnelle ou savourez une cr\u00eape dans une atmosph\u00e8re conviviale.<\/p>\t\t\t\t\t\t<\/div>\n\t\t\t\t<\/div>\n\t\t\t\t\t<\/div>\n\t\t<\/div>\n\t\t\t\t<div class=\"elementor-column elementor-col-33 elementor-top-column elementor-element elementor-element-33801f7\" data-id=\"33801f7\" data-element_type=\"column\" data-settings=\"{&quot;background_background&quot;:&quot;classic&quot;}\">\n\t\t\t<div class=\"elementor-widget-wrap elementor-element-populated\">\n\t\t\t\t\t\t\t\t<div class=\"elementor-element elementor-element-ac75800 elementor-widget elementor-widget-text-editor\" data-id=\"ac75800\" data-element_type=\"widget\" data-widget_type=\"text-editor.default\">\n\t\t\t\t<div class=\"elementor-widget-container\">\n\t\t\t\t\t\t\t<h2>Sites Incontournables<\/h2><p>-Le Mont Saint-Michel : \u00c0 un peu plus d&rsquo;une heure de route, ce monument embl\u00e9matique et son abbaye offrent une exp\u00e9rience inoubliable avec une vue spectaculaire sur la baie. Parfait pour une excursion d&rsquo;une journ\u00e9e.<br \/>&#8211; Les Plages du D\u00e9barquement (Normandie) : Pour une journ\u00e9e charg\u00e9e d&rsquo;histoire, visitez les plages c\u00e9l\u00e8bres du D-Day, un lieu poignant pour comprendre l&rsquo;histoire de la Seconde Guerre mondiale.<\/p>\t\t\t\t\t\t<\/div>\n\t\t\t\t<\/div>\n\t\t\t\t\t<\/div>\n\t\t<\/div>\n\t\t\t\t<div class=\"elementor-column elementor-col-33 elementor-top-column elementor-element elementor-element-c3eaa27\" data-id=\"c3eaa27\" data-element_type=\"column\" data-settings=\"{&quot;background_background&quot;:&quot;classic&quot;}\">\n\t\t\t<div class=\"elementor-widget-wrap elementor-element-populated\">\n\t\t\t\t\t\t\t\t<div class=\"elementor-element elementor-element-80f0da9 elementor-widget elementor-widget-text-editor\" data-id=\"80f0da9\" data-element_type=\"widget\" data-widget_type=\"text-editor.default\">\n\t\t\t\t<div class=\"elementor-widget-container\">\n\t\t\t\t\t\t\t<h2>Pour Toute la Famille<\/h2><p>&#8211; Le Parc de Loisirs (Bellefontaine) : Offre des activit\u00e9s pour les enfants et les adultes, incluant mini-golf et karting.<br \/>&#8211; Zoo de Champrepus (Villedieu-les-Po\u00eales) : \u00c0 moins de deux heures de route, d\u00e9couvrez une vari\u00e9t\u00e9 d&rsquo;animaux dans un cadre agr\u00e9able et \u00e9ducatif pour les enfants.<\/p>\t\t\t\t\t\t<\/div>\n\t\t\t\t<\/div>\n\t\t\t\t\t<\/div>\n\t\t<\/div>\n\t\t\t\t\t\t\t<\/div>\n\t\t<\/section>\n\t\t\t\t<section class=\"elementor-section elementor-top-section elementor-element elementor-element-b21abad elementor-section-boxed elementor-section-height-default elementor-section-height-default\" data-id=\"b21abad\" data-element_type=\"section\">\n\t\t\t\t\t\t<div class=\"elementor-container elementor-column-gap-default\">\n\t\t\t\t\t<div class=\"elementor-column elementor-col-100 elementor-top-column elementor-element elementor-element-e517873\" data-id=\"e517873\" data-element_type=\"column\">\n\t\t\t<div class=\"elementor-widget-wrap elementor-element-populated\">\n\t\t\t\t\t\t\t\t<div class=\"elementor-element elementor-element-f8b4cbe elementor-widget elementor-widget-spacer\" data-id=\"f8b4cbe\" data-element_type=\"widget\" data-widget_type=\"spacer.default\">\n\t\t\t\t<div class=\"elementor-widget-container\">\n\t\t\t\t\t<div class=\"elementor-spacer\">\n\t\t\t<div class=\"elementor-spacer-inner\"><\/div>\n\t\t<\/div>\n\t\t\t\t<\/div>\n\t\t\t\t<\/div>\n\t\t\t\t<div class=\"elementor-element elementor-element-9e11ff5 elementor-widget elementor-widget-google_maps\" data-id=\"9e11ff5\" data-element_type=\"widget\" data-widget_type=\"google_maps.default\">\n\t\t\t\t<div class=\"elementor-widget-container\">\n\t\t\t<style>\/*! elementor - v3.17.0 - 01-11-2023 *\/\n.elementor-widget-google_maps .elementor-widget-container{overflow:hidden}.elementor-widget-google_maps .elementor-custom-embed{line-height:0}.elementor-widget-google_maps iframe{height:300px}<\/style>\t\t<div class=\"elementor-custom-embed\">\n\t\t\t<iframe loading=\"lazy\"\n\t\t\t\t\tsrc=\"https:\/\/maps.google.com\/maps?q=le%20teilleul&#038;t=m&#038;z=10&#038;output=embed&#038;iwloc=near\"\n\t\t\t\t\ttitle=\"le teilleul\"\n\t\t\t\t\taria-label=\"le teilleul\"\n\t\t\t><\/iframe>\n\t\t<\/div>\n\t\t\t\t<\/div>\n\t\t\t\t<\/div>\n\t\t\t\t\t<\/div>\n\t\t<\/div>\n\t\t\t\t\t\t\t<\/div>\n\t\t<\/section>\n\t\t\t\t\t\t\t<\/div>\n\t\t","protected":false},"excerpt":{"rendered":"<p>D\u00e9couvrez Le Teilleul et ses Environs Bienvenue dans notre belle r\u00e9gion de la Manche ! Situ\u00e9 \u00e0 Le Teilleul, notre g\u00eete est le point de d\u00e9part id\u00e9al pour explorer une multitude d&rsquo;activit\u00e9s pour tous les go\u00fbts. Que vous soyez amateur de nature, de culture ou de sport, vous trouverez de quoi satisfaire votre curiosit\u00e9 et [&hellip;]<\/p>\n","protected":false},"author":1,"featured_media":0,"parent":0,"menu_order":0,"comment_status":"closed","ping_status":"closed","template":"","meta":{"footnotes":""},"_links":{"self":[{"href":"https:\/\/gitelebisson.fr\/index.php\/wp-json\/wp\/v2\/pages\/2406"}],"collection":[{"href":"https:\/\/gitelebisson.fr\/index.php\/wp-json\/wp\/v2\/pages"}],"about":[{"href":"https:\/\/gitelebisson.fr\/index.php\/wp-json\/wp\/v2\/types\/page"}],"author":[{"embeddable":true,"href":"https:\/\/gitelebisson.fr\/index.php\/wp-json\/wp\/v2\/users\/1"}],"replies":[{"embeddable":true,"href":"https:\/\/gitelebisson.fr\/index.php\/wp-json\/wp\/v2\/comments?post=2406"}],"version-history":[{"count":25,"href":"https:\/\/gitelebisson.fr\/index.php\/wp-json\/wp\/v2\/pages\/2406\/revisions"}],"predecessor-version":[{"id":2445,"href":"https:\/\/gitelebisson.fr\/index.php\/wp-json\/wp\/v2\/pages\/2406\/revisions\/2445"}],"wp:attachment":[{"href":"https:\/\/gitelebisson.fr\/index.php\/wp-json\/wp\/v2\/media?parent=2406"}],"curies":[{"name":"wp","href":"https:\/\/api.w.org\/{rel}","templated":true}]}}